{"id":3,"date":"2021-01-07T12:58:51","date_gmt":"2021-01-07T11:58:51","guid":{"rendered":"http:\/\/download.sophist.de\/?page_id=3"},"modified":"2022-01-24T09:58:30","modified_gmt":"2022-01-24T08:58:30","slug":"datenschutzerklaerung","status":"publish","type":"page","link":"https:\/\/my.sophist.de\/en\/datenschutzerklaerung\/","title":{"rendered":"Privacy policy"},"content":{"rendered":"<div class=\"wp-block-stackable-columns stk-block-columns stk-block stk-d0f679a\" data-block-id=\"d0f679a\"><style>.stk-d0f679a{margin-bottom:60px !important}@media screen and (max-width:1023px){.stk-d0f679a{margin-right:10px !important;margin-left:10px !important}}<\/style><div class=\"stk-row stk-inner-blocks stk-block-content stk-content-align stk-d0f679a-column\">\n<div class=\"wp-block-stackable-column stk-block-column stk-column stk-block stk-1cf3f08\" data-block-id=\"1cf3f08\"><style>.stk-1cf3f08 .stk-block-column__content{max-width:1080px !important;min-width:auto !important;margin-right:auto !important;margin-left:auto !important}<\/style><div class=\"stk-column-wrapper stk-block-column__content stk-container stk-1cf3f08-container stk--no-background stk--no-padding\"><div class=\"stk-block-content stk-inner-blocks\">\n<div class=\"wp-block-group is-layout-flow wp-block-group-is-layout-flow\">\n<div class=\"wp-block-stackable-spacer stk-block-spacer stk--no-padding stk-block stk-c040ba0\" data-block-id=\"c040ba0\"><style>.stk-c040ba0{height:50px !important}<\/style><\/div>\n\n\n\n<div class=\"wp-block-stackable-heading stk-block-heading stk-block stk-7fe8755\" data-block-id=\"7fe8755\"><style>.stk-7fe8755 .stk-block-heading__bottom-line{width:200px !important;background-color:var(--stk-global-color-90095,#002368) !important;margin-top:15px !important}<\/style><h1 class=\"stk-block-heading__text\">Datenschutz<\/h1><div class=\"stk-block-heading__bottom-line\"><\/div><\/div>\n\n\n\n<p><strong>Wir nehmen Datenschutz ernst<\/strong><\/p>\n\n\n\n<p>Der Schutz Ihrer Privatsph\u00e4re bei der Verarbeitung pers\u00f6nlicher Daten ist f\u00fcr uns ein wichtiges Anliegen. Wenn Sie unsere Webseite besuchen, speichern unsere Webserver standardm\u00e4\u00dfig die IP Ihres Internet Service Provider, die Webseite, von der aus Sie uns besuchen, die Webseiten, die Sie bei uns besuchen sowie das Datum und die Dauer des Besuches. Diese Informationen sind f\u00fcr die technische \u00dcbertragung der Webseiten und den sicheren Serverbetrieb zwingend erforderlich. Eine personalisierte Auswertung dieser Daten erfolgt nicht.<\/p>\n\n\n\n<p>Sofern Sie uns Daten per Kontakt-Formular senden, werden diese Daten im Zuge der Datensicherung auf unseren Servern gespeichert. Ihre Daten werden von uns ausschlie\u00dflich zur Bearbeitung Ihres Anliegens verwendet. Ihre Daten werden streng vertraulich behandelt. Eine Weitergabe an Dritte erfolgt nicht.<\/p>\n\n\n\n<p>Verantwortliche Stelle:<\/p>\n\n\n\n<p><strong>SOPHIST GmbH<br>Vordere Cramergasse 13&nbsp;<br>90478 N\u00fcrnberg&nbsp;<br>Deutschland<\/strong><br><br><strong>Fon:<\/strong>&nbsp;+49 (0) 911 40 900 &#8211; 0<br><strong>Fax:<\/strong>&nbsp;+49 (0) 911 40 900 &#8211; 99<br><br>sophist@sophist.de<br><br><a href=\"http:\/\/www.sophist.de\/\" target=\"_blank\" rel=\"noreferrer noopener\">www.sophist.de<\/a><\/p>\n\n\n\n<h3 class=\"wp-block-heading\"><strong>Personenbezogene Daten<\/strong><\/h3>\n\n\n\n<p>Personenbezogene Daten sind Daten \u00fcber Ihre Person. Diese beinhalten Ihren Namen, Ihre Adresse und Ihre Email Adresse. Sie m\u00fcssen auch keine personenbezogenen Daten preisgeben um unsere Internetseite besuchen zu k\u00f6nnen. In einigen F\u00e4llen ben\u00f6tigen wir Ihren Namen und Adresse sowie weitere Informationen um Ihnen die gew\u00fcnschte Dienstleistung anbieten zu k\u00f6nnen.<\/p>\n\n\n\n<p>Das Gleiche gilt f\u00fcr den Fall, dass wir Sie auf Wunsch mit Informationsmaterial beliefern bzw. wenn wir Ihre Anfragen beantworten. In diesen F\u00e4llen werden wir Sie immer darauf hinweisen. Au\u00dferdem speichern wir nur die Daten, die Sie uns automatisch oder freiwillig \u00fcbermittelt haben.<\/p>\n\n\n\n<p>Wenn Sie einen unserer Services nutzen, sammeln wir in der Regel nur die Daten die notwendig sind um Ihnen unseren Service bieten zu k\u00f6nnen. M\u00f6glicherweise fragen wir Sie nach weiteren Informationen, die aber freiwilliger Natur sind. Wann immer wir personenbezogene Daten verarbeiten, tun wir dies um Ihnen unseren Service anbieten zu k\u00f6nnen oder um unsere kommerziellen Ziele zu verfolgen.<\/p>\n\n\n\n<h4 class=\"wp-block-heading\"><strong>Automatisch gespeicherte nicht personenbezogene Daten<\/strong><\/h4>\n\n\n\n<p>Wenn Sie unsere Internetseiten besuchen, speichern wir aus administrativen und technischen Gr\u00fcnden bestimmte Informationen. Diese sind: Typ und Version des verwendeten Browsers, Datum und Uhrzeit des Zugriffs, sowie die IP Adresse.<\/p>\n\n\n\n<p>Diese Daten werden anonymisiert und lediglich f\u00fcr statistische Zwecke bzw. daf\u00fcr verwendet, unsere Internet- und Onlinedienste zu verbessern.<\/p>\n\n\n\n<p>Diese anonymisierten Daten werden &#8211; getrennt von personenbezogenen Daten &#8211; auf sicheren Systemen gespeichert und k\u00f6nnen keinen individuellen Personen zugeordnet werden. Das bedeutet, dass Ihre personenbezogenen Daten jederzeit gesch\u00fctzt bleiben.<\/p>\n\n\n\n<h4 class=\"wp-block-heading\"><strong>Cookies<\/strong><\/h4>\n\n\n\n<p>Wenn Sie unsere Internetseiten besuchen speichern wir m\u00f6glicherweise Informationen auf Ihrem Computer in Form von Cookies. Cookies sind kleine Dateien die von einem Internetserver an Ihren Browser \u00fcbertragen und auf dessen Festplatte gespeichert werden. Lediglich die Internet Protokoll Adresse wird hierbei gespeichert \u2013 keine personenbezogenen Daten. Diese Information die in den Cookies gespeichert wird erlaubt es, Sie bei dem n\u00e4chsten Besuch auf unserer Internetseite automatisch wiederzuerkennen, wodurch Ihnen die Nutzung erleichtert wird.<\/p>\n\n\n\n<p>Nat\u00fcrlich k\u00f6nnen Sie unsere Internetseiten auch besuchen ohne Cookies zu akzeptieren. Wenn Sie nicht m\u00f6chten, dass Ihr Computer beim n\u00e4chsten Besuch wiedererkannt wird k\u00f6nnen Sie die Verwendung von Cookies auch ablehnen indem Sie die Einstellungen in Ihrem Browser auf \u201eCookies ablehnen\u201c \u00e4ndern. Die jeweilige Vorgehensweise finden Sie in der Bedienungsanleitung Ihres jeweiligen Browsers. Wenn Sie die Verwendung von Cookies ablehnen, kann es jedoch zu Einschr\u00e4nkungen in der Nutzung mancher Bereiche unserer Internetseiten kommen.<\/p>\n\n\n\n<h4 class=\"wp-block-heading\"><strong>Google-Analytics mit Anonymisierungsfunktion<\/strong><\/h4>\n\n\n\n<p>Wir setzen auf unserer Seite Google-Analytics, einen Webanalysedienst der Firma Google Inc., 1600 Amphitheatre Parkway, Mountain View, CA 94043 USA, nachfolgend \u201eGoogle\u201c ein. Google-Analytics verwendet sog. \u201eCookies\u201c, Textdateien, die auf Ihrem Computer gespeichert werden und hierdurch eine Analyse der Benutzung der Website durch Sie erm\u00f6glichen.<br><br>Die durch diese Cookies erzeugten Informationen, beispielsweise Zeit, Ort und H\u00e4ufigkeit Ihres Webseiten-Besuchs einschlie\u00dflich Ihrer IP-Adresse, werden an Google in den USA \u00fcbertragen und dort gespeichert.<br><br>Wir verwenden auf unserer Website Google-Analytics mit dem Zusatz &#8222;_gat._anonymizeIp&#8220;. Ihre IP-Adresse wird in diesem Fall von Google schon innerhalb von Mitgliedstaaten der Europ\u00e4ischen Union oder in anderen Vertragsstaaten des Abkommens \u00fcber den Europ\u00e4ischen Wirtschaftsraum gek\u00fcrzt und dadurch anonymisiert.<br><br>Google wird diese Informationen benutzen, um Ihre Nutzung unserer Seite auszuwerten, um Reports \u00fcber die Websiteaktivit\u00e4ten f\u00fcr uns zusammenzustellen und um weitere mit der Websitenutzung und der Internetnutzung verbundene Dienstleistungen zu erbringen. Auch wird Google diese Informationen gegebenenfalls an Dritte \u00fcbertragen, sofern dies gesetzlich vorgeschrieben oder soweit Dritte diese Daten im Auftrag von Google verarbeiten.<br><br>Google wird, nach eigenen Angaben, in keinem Fall Ihre IP-Adresse mit anderen Daten von Google in Verbindung bringen. Sie k\u00f6nnen die Installation der Cookies durch eine entsprechende Einstellung Ihrer Browser-Software verhindern; wir weisen Sie jedoch darauf hin, dass Sie in diesem Fall gegebenenfalls nicht s\u00e4mtliche Funktionen unserer Website vollumf\u00e4nglich nutzen k\u00f6nnen.<br><br>Des Weiteren bietet Google f\u00fcr die g\u00e4ngigsten Browser ein Deaktivierungs-Add-on an, welches Ihnen mehr Kontrolle dar\u00fcber gibt, welche Daten von Google zu der von Ihnen aufgerufenen Websites erfasst werden. Das Add-on teilt dem JavaScript (ga.js) von Google Analytics mit, dass keine Informationen zum Website-Besuch an Google Analytics \u00fcbermittelt werden sollen. Das Deaktivierungs-Add-on f\u00fcr Browser von Google Analytics verhindert aber nicht, dass Informationen an uns oder an andere von uns gegebenenfalls eingesetzte Webanalyse-Services \u00fcbermittelt werden. Weitere Informationen zur Installation des Browser Add-on erhalten Sie \u00fcber nachfolgenden Link:&nbsp;<a rel=\"noreferrer noopener\" href=\"https:\/\/tools.google.com\/dlpage\/gaoptout?hl=de\" target=\"_blank\">https:\/\/tools.google.com\/dlpage\/gaoptout?hl=de<\/a><\/p>\n\n\n\n<p>Wenn Sie unsere Seite \u00fcber ein mobiles Endger\u00e4t (Smartphone oder Tablet) besuchen, m\u00fcssen Sie stattdessen&nbsp;diesen Link klicken, um das Tracking durch Google Analytics innerhalb dieser Website zuk\u00fcnftig zu unterbinden. Dies ist auch als Alternative zu obigem Browser-Add-On m\u00f6glich. Durch Klicken des Links wird ein Opt-Out-Cookie in Ihrem Browser gesetzt, das nur f\u00fcr diesen Browser und diese Domain g\u00fcltig ist. Wenn Sie die Cookies in diesem Browser l\u00f6schen, wird auch das Opt-Out-Cookie gel\u00f6scht, so dass Sie den Link erneut klicken m\u00fcssen.<\/p>\n\n\n\n<p>Sofern Sie zugestimmt haben, dass Ihr Web- und App-Browserverlauf von Google mit Ihrem Google-Konto verkn\u00fcpft wird und Informationen aus ihrem Google-Konto zum Personalisieren von Anzeigen verwendet werden, verwendet Google Ihre Daten zusammen mit Google Analytics-Daten, um Zielgruppenlisten f\u00fcr ger\u00e4te\u00fcbergreifendes Remarketing zu erstellen. Dazu werden von Google Analytics zun\u00e4chst auf unserer Website Ihre Google-authentifizierte ID erfasst, die mit Ihrem Google-Konto verkn\u00fcpft sind (also personenbezogene Daten). Anschlie\u00dfend wird von Google Analytics Ihre ID vor\u00fcbergehend mit Ihren Google Analytics-Daten verkn\u00fcpft, um unsere Zielgruppen zu optimieren.<\/p>\n\n\n\n<p>Wenn Sie damit nicht einverstanden sind, k\u00f6nnen Sie dies durch entsprechende Einstellungen im Bereich &#8222;Mein Konto&#8220; Ihres Google-Kontos abstellen.<\/p>\n\n\n\n<h4 class=\"wp-block-heading\"><strong>Registrierung auf der Internetseite<\/strong><\/h4>\n\n\n\n<p>Die betroffene Person hat die M\u00f6glichkeit, sich auf der Internetseite des f\u00fcr die Verarbeitung Verantwortlichen unter Angabe von personenbezogenen Daten zu registrieren. Folgende personenbezogenen Daten werden dabei erhoben: <strong>Name, E-Mail-Adresse<\/strong> <strong>und ggf. Firmenname &amp; -zusatz sowie Adresse und Telefonnummer.<\/strong><\/p>\n\n\n\n<p>Durch eine Registrierung auf der Internetseite des f\u00fcr die Verarbeitung Verantwortlichen wird ferner die vom Internet-Service-Provider (ISP) der betroffenen Person vergebene IP-Adresse, das Datum sowie die Uhrzeit der Registrierung gespeichert. Die Speicherung dieser Daten erfolgt vor dem Hintergrund, dass nur so der Missbrauch unserer Dienste verhindert werden kann, und diese Daten im Bedarfsfall erm\u00f6glichen, begangene Straftaten aufzukl\u00e4ren. Insofern ist die Speicherung dieser Daten zur Absicherung des f\u00fcr die Verarbeitung Verantwortlichen erforderlich. Eine Weitergabe dieser Daten an Dritte erfolgt grunds\u00e4tzlich nicht, sofern keine gesetzliche Pflicht zur Weitergabe besteht oder die Weitergabe der Strafverfolgung dient.<\/p>\n\n\n\n<p>Die Registrierung der betroffenen Person unter freiwilliger Angabe personenbezogener Daten dient dem f\u00fcr die Verarbeitung Verantwortlichen dazu, der betroffenen Person Inhalte oder Leistungen anzubieten, die aufgrund der Natur der Sache nur registrierten Benutzern angeboten werden k\u00f6nnen. Registrierten Personen steht die M\u00f6glichkeit frei, die bei der Registrierung angegebenen personenbezogenen Daten jederzeit abzu\u00e4ndern oder vollst\u00e4ndig aus dem Datenbestand des f\u00fcr die Verarbeitung Verantwortlichen l\u00f6schen zu lassen.<\/p>\n\n\n\n<p>Sie verpflichten sich, die pers\u00f6nlichen Zugangsdaten vertraulich zu behandeln und keinem unbefugten Dritten zug\u00e4nglich zu machen. Wir k\u00f6nnen keine Haftung f\u00fcr missbr\u00e4uchlich verwendete Passw\u00f6rter \u00fcbernehmen, es sei denn, wir h\u00e4tten den Missbrauch zu vertreten.<\/p>\n\n\n\n<p>Mit der Funktion \u201eangemeldet bleiben\u201c m\u00f6chten wir Ihnen den Besuch unserer Webseiten so angenehm wie m\u00f6glich gestalten. Diese Funktion erm\u00f6glicht Ihnen die Nutzung unserer Dienste, ohne sich jedes Mal erneut einloggen zu m\u00fcssen. Aus Sicherheitsgr\u00fcnden werden Sie jedoch nochmals zur Eingabe Ihres Passworts aufgefordert, wenn beispielsweise Ihre pers\u00f6nlichen Daten ge\u00e4ndert werden sollen oder Sie eine Bestellung aufgeben m\u00f6chten. Wir empfehlen Ihnen, diese Funktion nicht zu nutzen, wenn der Computer von mehreren Benutzern verwendet wird. Wir weisen darauf hin, dass die Funktion \u201eangemeldet bleiben\u201c nicht verf\u00fcgbar ist, wenn Sie eine Einstellung verwenden, die gespeicherte Cookies nach jeder Session automatisch l\u00f6scht.<\/p>\n\n\n\n<h4 class=\"wp-block-heading\"><strong>Google reCaptcha<\/strong><\/h4>\n\n\n\n<p>Zum Schutz ihrer Auftr\u00e4ge per Internetformular verwenden wir den Dienst reCAPTCHA des Unternehmens Google Ireland Limited, Gordon House, Barrow Street, Dublin 4, Irland (Google). Die Abfrage dient der Unterscheidung, ob die Eingabe durch einen Menschen oder missbr\u00e4uchlich durch automatisierte, maschinelle Verarbeitung erfolgt. Die Abfrage schlie\u00dft den Versand der IP-Adresse und ggf. weiterer von Google f\u00fcr den Dienst reCAPTCHA ben\u00f6tigter Daten an Google ein. Zu diesem Zweck wird Ihre Eingabe an Google \u00fcbermittelt und dort weiter verwendet. Durch die Nutzung von reCaptcha erkl\u00e4ren Sie sich damit einverstanden, dass die von Ihnen geleistete Erkennung in die Digitalisierung alter Werke einflie\u00dft. Im Falle der Aktivierung der IP-Anonymisierung auf dieser Webseite wird Ihre IP-Adresse von Google jedoch innerhalb von Mitgliedstaaten der Europ\u00e4ischen Union oder in anderen Vertragsstaaten des Abkommens \u00fcber den Europ\u00e4ischen Wirtschaftsraum zuvor gek\u00fcrzt. Nur in Ausnahmef\u00e4llen wird die volle IP-Adresse an einen Server von Google in den USA \u00fcbertragen und dort gek\u00fcrzt. Im Auftrag des Betreibers dieser Website wird Google diese Informationen benutzen, um Ihre Nutzung dieses Dienstes auszuwerten. Die im Rahmen von reCaptcha von Ihrem Browser \u00fcbermittelte IP-Adresse wird nicht mit anderen Daten von Google zusammengef\u00fchrt. F\u00fcr diese Daten gelten die abweichenden Datenschutzbestimmungen des Unternehmens Google. Weitere Informationen zu den Datenschutzrichtlinien von Google finden Sie unter:&nbsp;<a href=\"https:\/\/www.google.com\/intl\/de\/policies\/privacy\/\" target=\"_blank\" rel=\"noreferrer noopener\">https:\/\/www.google.com\/intl\/de\/policies\/privacy\/<\/a>.<\/p>\n\n\n\n<h4 class=\"wp-block-heading\"><strong>Newsletter<\/strong><\/h4>\n\n\n\n<p>F\u00fcr den Versand des Newsletters verwenden wir das sogenannte Double Opt-In-Verfahren, d.h., wir werden Ihnen erst dann einen Newsletter per E-Mail zusenden, wenn Sie uns zuvor ausdr\u00fccklich best\u00e4tigt haben, dass wir den Newsletter-Dienst aktivieren sollen. Wir werden Ihnen dann eine Benachrichtigungs-E-Mail zusenden und Sie bitten, durch das Anklicken eines in dieser E-Mail enthaltenen Links zu best\u00e4tigen, dass Sie unseren Newsletter erhalten m\u00f6chten. Bei Ihrer Anmeldung zu unserem Newsletter speichern wir Ihre IP-Adresse und das Datum der Anmeldung. Diese Speicherung dient alleine dem Nachweis f\u00fcr den Fall, dass ein Dritter ihre E-Mailadresse missbraucht um Sie ohne Ihr Wissen oder Ihre Berechtigung f\u00fcr den Newsletterempfang anzumelden. Sollten Sie sp\u00e4ter keine Newsletter mehr von uns erhalten wollen, k\u00f6nnen Sie diesem jederzeit widersprechen, ohne dass hierf\u00fcr andere als die \u00dcbermittlungskosten nach den Basistarifen entstehen.<\/p>\n\n\n\n<h4 class=\"wp-block-heading\"><strong>Sicherheit<\/strong><\/h4>\n\n\n\n<p>Wir haben technische und administrative Sicherheitsvorkehrungen getroffen um Ihre personenbezogenen Daten gegen Verlust, Zerst\u00f6rung, Manipulation und unautorisierten Zugriff zu sch\u00fctzen. All unsere Mitarbeiter sowie f\u00fcr uns t\u00e4tige Dienstleister sind auf die g\u00fcltigen Datenschutzgesetze verpflichtet.<\/p>\n\n\n\n<p>Wann immer wir personenbezogene Daten sammeln und verarbeiten werden diese verschl\u00fcsselt bevor sie \u00fcbertragen werden. Das hei\u00dft, dass Ihre Daten nicht von Dritten missbraucht werden k\u00f6nnen. Unsere Sicherheitsvorkehrungen unterliegen dabei einem st\u00e4ndigen Verbesserungsprozess und unsere Datenschutzerkl\u00e4rungen werden st\u00e4ndig \u00fcberarbeitet. Bitte stellen Sie sicher, dass Ihnen die aktuellste Version vorliegt.<\/p>\n\n\n\n<h4 class=\"wp-block-heading\"><strong>Betroffenenrechte<\/strong><\/h4>\n\n\n\n<p>Bitte kontaktieren Sie uns jederzeit, wenn Sie sich informieren m\u00f6chten welche personenbezogenen Daten wir \u00fcber Sie speichern bzw. wenn Sie diese berichtigen oder l\u00f6schen lassen wollen. Desweiteren haben Sie das Recht auf Einschr\u00e4nkung der Verarbeitung (Art. 18 DSGVO), ein Widerspruchsrechts gegen die Verarbeitung (Art. 21 DSGVO) sowie das Recht auf Daten\u00fcbertragbarkeit (Art. 20 DSGVO).<\/p>\n\n\n\n<p>In diesen F\u00e4llen wenden Sie sich bitte direkt an uns.<\/p>\n\n\n\n<h4 class=\"wp-block-heading\"><strong>\u00c4nderungen dieser Datenschutzerkl\u00e4rung<\/strong><\/h4>\n\n\n\n<p>Wir behalten uns das Recht vor, unsere Datenschutzerkl\u00e4rungen zu \u00e4ndern falls dies aufgrund neuer Technologien notwendig sein sollte. Bitte stellen Sie sicher, dass Ihnen die aktuellste Version vorliegt. Werden an dieser Datenschutzerkl\u00e4rung grundlegende \u00c4nderungen vorgenommen, geben wir diese auf unserer Website bekannt.<\/p>\n\n\n\n<p>Alle Interessenten und Besucher unserer Internetseite erreichen uns in Datenschutzfragen unter:<\/p>\n\n\n\n<p>Herrn Gerald Lill<br>Projekt 29 GmbH &amp; Co. KG<br>Ostengasse 14<br>93047 Regensburg<\/p>\n\n\n\n<p>Tel.: &nbsp;0941 2986930<br>Fax: &nbsp;0941 29869316<br>E-Mail: g.lill@projekt29.de<br>Internet: www.projekt29.de<\/p>\n\n\n\n<p>Sollte unser Datenschutzbeauftragter Ihr Anliegen nicht zu Ihrer Zufriedenheit beantworten k\u00f6nnen, bleibt Ihnen in jedem Falle ihr Recht auf Beschwerde bei der f\u00fcr Ihr Bundesland zust\u00e4ndigen Datenschutz-Aufsichtsbeh\u00f6rde.<\/p>\n\n\n\n<p><strong>Informationspflichten gem. Art. 13 DSGVO<\/strong><\/p>\n\n\n\n<p>Der Schutz Ihrer pers\u00f6nlichen Daten ist uns ein besonderes Anliegen.<\/p>\n\n\n\n<ul><li>Datenschutzerkl\u00e4rung: (<a href=\"https:\/\/www.sophist.de\/informationspflicht\/\">IT_DSGVO_Verpflichtungserkl\u00e4rung_Artikel_13_P<\/a>) barrierefrei als Text<\/li><li>Datenschutzerkl\u00e4rung: (<a href=\"https:\/\/www.sophist.de\/fileadmin\/user_upload\/content\/SOPHIST\/Informationspflichten_Art.13_-_SOPHIST_GmbH.pdf\">IT_DSGVO_Verpflichtungserkl\u00e4rung_Atrikel_13_P<\/a>) als PDF-Datei zum Herunterladen oder Drucken<\/li><\/ul>\n\n\n\n<p><strong>Aktualisierung<\/strong><\/p>\n\n\n\n<p>Stand: 09.06.2021<\/p>\n<\/div>\n<\/div><\/div><\/div>\n<\/div><\/div>","protected":false},"excerpt":{"rendered":"<p>Datenschutz Wir nehmen Datenschutz ernst Der Schutz Ihrer Privatsph\u00e4re bei der Verarbeitung pers\u00f6nlicher Daten ist f\u00fcr uns ein wichtiges Anliegen. Wenn Sie unsere Webseite besuchen, speichern unsere Webserver standardm\u00e4\u00dfig die IP Ihres Internet Service Provider, die Webseite, von der aus Sie uns besuchen, die Webseiten, die Sie bei uns besuchen sowie das Datum und die [&#8230;]","protected":false},"author":1,"featured_media":0,"parent":0,"menu_order":0,"comment_status":"closed","ping_status":"closed","template":"","meta":{"_jet_sm_ready_style":"","_jet_sm_style":"","_jet_sm_controls_values":"","_jet_sm_fonts_collection":"","_jet_sm_fonts_links":"","footnotes":""},"featured_image_urls":{"full":"","thumbnail":"","medium":"","medium_large":"","large":"","1536x1536":"","2048x2048":"","trp-custom-language-flag":""},"post_excerpt_stackable":"<p>Datenschutz Wir nehmen Datenschutz ernst Der Schutz Ihrer Privatsph\u00e4re bei der Verarbeitung pers\u00f6nlicher Daten ist f\u00fcr uns ein wichtiges Anliegen. Wenn Sie unsere Webseite besuchen, speichern unsere Webserver standardm\u00e4\u00dfig die IP Ihres Internet Service Provider, die Webseite, von der aus Sie uns besuchen, die Webseiten, die Sie bei uns besuchen sowie das Datum und die Dauer des Besuches. Diese Informationen sind f\u00fcr die technische \u00dcbertragung der Webseiten und den sicheren Serverbetrieb zwingend erforderlich. Eine personalisierte Auswertung dieser Daten erfolgt nicht. Sofern Sie uns Daten per Kontakt-Formular senden, werden diese Daten im Zuge der Datensicherung auf unseren Servern gespeichert. Ihre Daten&hellip;<\/p>\n","category_list":"","author_info":{"name":"ITS Admin","url":"https:\/\/my.sophist.de\/en\/author\/sop_admin\/"},"comments_num":"0 comments","featured_image_urls_v2":{"full":"","thumbnail":"","medium":"","medium_large":"","large":"","1536x1536":"","2048x2048":"","trp-custom-language-flag":""},"post_excerpt_stackable_v2":"<p>Datenschutz Wir nehmen Datenschutz ernst Der Schutz Ihrer Privatsph\u00e4re bei der Verarbeitung pers\u00f6nlicher Daten ist f\u00fcr uns ein wichtiges Anliegen. Wenn Sie unsere Webseite besuchen, speichern unsere Webserver standardm\u00e4\u00dfig die IP Ihres Internet Service Provider, die Webseite, von der aus Sie uns besuchen, die Webseiten, die Sie bei uns besuchen sowie das Datum und die Dauer des Besuches. Diese Informationen sind f\u00fcr die technische \u00dcbertragung der Webseiten und den sicheren Serverbetrieb zwingend erforderlich. Eine personalisierte Auswertung dieser Daten erfolgt nicht. Sofern Sie uns Daten per Kontakt-Formular senden, werden diese Daten im Zuge der Datensicherung auf unseren Servern gespeichert. Ihre Daten&hellip;<\/p>\n","category_list_v2":"","author_info_v2":{"name":"ITS Admin","url":"https:\/\/my.sophist.de\/en\/author\/sop_admin\/"},"comments_num_v2":"0 comments","_links":{"self":[{"href":"https:\/\/my.sophist.de\/en\/wp-json\/wp\/v2\/pages\/3"}],"collection":[{"href":"https:\/\/my.sophist.de\/en\/wp-json\/wp\/v2\/pages"}],"about":[{"href":"https:\/\/my.sophist.de\/en\/wp-json\/wp\/v2\/types\/page"}],"author":[{"embeddable":true,"href":"https:\/\/my.sophist.de\/en\/wp-json\/wp\/v2\/users\/1"}],"replies":[{"embeddable":true,"href":"https:\/\/my.sophist.de\/en\/wp-json\/wp\/v2\/comments?post=3"}],"version-history":[{"count":3,"href":"https:\/\/my.sophist.de\/en\/wp-json\/wp\/v2\/pages\/3\/revisions"}],"predecessor-version":[{"id":8129,"href":"https:\/\/my.sophist.de\/en\/wp-json\/wp\/v2\/pages\/3\/revisions\/8129"}],"wp:attachment":[{"href":"https:\/\/my.sophist.de\/en\/wp-json\/wp\/v2\/media?parent=3"}],"curies":[{"name":"wp","href":"https:\/\/api.w.org\/{rel}","templated":true}]}}