{"id":3088,"date":"2021-01-21T14:06:21","date_gmt":"2021-01-21T13:06:21","guid":{"rendered":"https:\/\/download.sophist.de\/registrieren\/"},"modified":"2022-01-20T18:01:15","modified_gmt":"2022-01-20T17:01:15","slug":"registrieren","status":"publish","type":"page","link":"https:\/\/my.sophist.de\/en\/registrieren\/","title":{"rendered":"Registration"},"content":{"rendered":"<div class=\"wp-block-stackable-columns stk-block-columns stk-block stk-2f0ce41\" data-block-id=\"2f0ce41\"><style>.stk-2f0ce41{margin-bottom:60px !important}<\/style><div class=\"stk-row stk-inner-blocks stk-block-content stk-content-align stk-2f0ce41-column\">\n<div class=\"wp-block-stackable-column stk-block-column stk-column stk-block stk-33915a5\" data-block-id=\"33915a5\"><style>.stk-33915a5{max-width:1080px !important;min-width:auto !important;margin-right:auto !important;margin-left:auto !important}@media screen and (max-width:1023px){.stk-33915a5{margin-right:12px !important;margin-left:12px !important}}@media screen and (max-width:767px){.stk-33915a5{margin-right:12px !important;margin-left:12px !important}}<\/style><div class=\"stk-column-wrapper stk-block-column__content stk-container stk-33915a5-container stk--no-background stk--no-padding\"><div class=\"stk-block-content stk-inner-blocks\">\n<div class=\"wp-block-stackable-spacer stk-block-spacer stk--no-padding stk-block stk-414ed08\" data-block-id=\"414ed08\"><style>.stk-414ed08{height:50px !important}<\/style><\/div>\n\n\n\n<div class=\"uwp-register-class bsui sdel-fd972aa6\" ><div class=\"uwp_widgets uwp_widget_register\"><div class=\"uwp_page wpbs\">    <div class=\"row\">\n        <div class=\"card mx-auto container-fluid p-0 border-0\" >\n\t\t\t            <div class=\"card-body\">\n\t\t\t\t<h3 class=\"card-title text-center mb-4\">Registration<\/h3>\n                <form class=\"uwp-registration-form uwp_form\" method=\"post\" enctype=\"multipart\/form-data\" action=\"\">\n\t\t\t\t\t\t\t\t<h3 class=\"uwp_input_fieldset\">\n\t\t\t\tImmer up to date bleiben...\t\t\t\t<\/h3>\n\t\t\t<input type=\"hidden\" name=\"info2\" id=\"checkbox_info2\" value=\"0\"\/><div data-argument=\"info2\" class=\"form-group\"  ><div class=\"custom-control custom-checkbox\"  ><input type=\"hidden\" name=\"info2\" value=\"0\" \/><input type=\"checkbox\"  name=\"info2\"  id=\"info2\"  value=\"1\"  class=\"form-control  custom-control-input\"  ><small class=\"form-text text-muted d-block\">und keine Fachartikel, News, Geschenke oder Rabatt-Aktionen mehr verpassen? Einfach H\u00e4kchen an der entsprechenden Stelle setzen!<\/small><\/div><\/div><input type=\"hidden\" name=\"info3\" id=\"checkbox_info3\" value=\"0\"\/><div data-argument=\"info3\" class=\"form-group\"  ><div class=\"custom-control custom-checkbox\"  ><input type=\"hidden\" name=\"info3\" value=\"0\" \/><input type=\"checkbox\"  name=\"info3\"  id=\"info3\"  value=\"1\"  class=\"form-control  custom-control-input\"  ><small class=\"form-text text-muted d-block\">So, jetzt beherzt zustimmen und mit uns verbunden bleiben \ud83d\ude09.<\/small><\/div><\/div><input type=\"hidden\" name=\"kontakt_e_mail\" id=\"checkbox_kontakt_e_mail\" value=\"0\"\/><div data-argument=\"kontakt_e_mail\" class=\"form-group css-kontakt\"  ><div class=\"custom-control custom-checkbox\"  ><input type=\"hidden\" name=\"kontakt_e_mail\" value=\"0\" \/><input type=\"checkbox\"  name=\"kontakt_e_mail\"  id=\"kontakt_e_mail\"  title=\"Ich stimme dem Erhalt von E-Mails zu\"  value=\"1\"  class=\"form-control  custom-control-input\"  ><label  for=\"kontakt_e_mail\"  class=\"custom-control-label\" >Ich stimme dem Erhalt von E-Mails zu<\/label><\/div><\/div><input type=\"hidden\" name=\"kontakt_telnr\" id=\"checkbox_kontakt_telnr\" value=\"0\"\/><div data-argument=\"kontakt_telnr\" class=\"form-group css-kontakt\"  ><div class=\"custom-control custom-checkbox\"  ><input type=\"hidden\" name=\"kontakt_telnr\" value=\"0\" \/><input type=\"checkbox\"  name=\"kontakt_telnr\"  id=\"kontakt_telnr\"  title=\"Ich willige ein, per Telefon kontaktiert zu werden\"  value=\"1\"  class=\"form-control  custom-control-input\"  ><label  for=\"kontakt_telnr\"  class=\"custom-control-label\" >Ich willige ein, per Telefon kontaktiert zu werden<\/label><\/div><\/div><input type=\"hidden\" name=\"info4\" id=\"checkbox_info4\" value=\"0\"\/><div data-argument=\"info4\" class=\"form-group\"  ><div class=\"custom-control custom-checkbox\"  ><input type=\"hidden\" name=\"info4\" value=\"0\" \/><input type=\"checkbox\"  name=\"info4\"  id=\"info4\"  value=\"1\"  class=\"form-control  custom-control-input\"  ><small class=\"form-text text-muted d-block\">Die Einwilligungserkl\u00e4rungen lassen sich jederzeit widerrufen. Einfach entsprechendes H\u00e4kchen entfernen. Alternativ reicht eine E-Mail an heureka@sophist.de aus.<\/small><\/div><\/div><input type=\"hidden\" name=\"info5\" id=\"checkbox_info5\" value=\"0\"\/><div data-argument=\"info5\" class=\"form-group\"  ><div class=\"custom-control custom-checkbox\"  ><input type=\"hidden\" name=\"info5\" value=\"0\" \/><input type=\"checkbox\"  name=\"info5\"  id=\"info5\"  value=\"1\"  class=\"form-control  custom-control-input\"  ><small class=\"form-text text-muted d-block\">Wir behandeln alle Daten mit Sorgfalt und Respekt. Weitere Informationen zu unseren Datenschutzpraktiken k\u00f6nnen Sie in unserer Datenschutzerkl\u00e4rung (my.sophist.de\/datenschutzerklaerung) nachlesen.<\/small><\/div><\/div><input type=\"hidden\" name=\"info7\" id=\"checkbox_info7\" value=\"0\"\/><div data-argument=\"info7\" class=\"form-group\"  ><div class=\"custom-control custom-checkbox\"  ><input type=\"hidden\" name=\"info7\" value=\"0\" \/><input type=\"checkbox\"  name=\"info7\"  id=\"info7\"  value=\"1\"  class=\"form-control  custom-control-input\"  ><small class=\"form-text text-muted d-block\">Durch einen Klick auf \u201eKonto erstellen\u201c erkl\u00e4ren Sie sich damit einverstanden, dass wir Ihre Informationen in \u00dcbereinstimmung mit diesen Bedingungen verarbeiten d\u00fcrfen.<\/small><\/div><\/div>\t\t\t<h3 class=\"uwp_input_fieldset\">\n\t\t\t\tKontaktdaten\t\t\t\t<\/h3>\n\t\t\t<div data-argument=\"email\" class=\"form-group mail-field\"  ><label  for=\"email\"  class=\"sr-only\" >E-Mail <span class=\"text-danger\">*<\/span><\/label><input type=\"email\"  name=\"email\"  id=\"email\"  placeholder=\"E-Mail *\"  title=\"E-Mail\"  required class=\"form-control\"  ><\/div><div data-argument=\"password\" class=\"form-group password-field uwp-password-wrap\"  ><label  for=\"password\"  class=\"sr-only\" >Passwort <span class=\"text-danger\">*<\/span><\/label><div class=\"input-group\"  ><input type=\"password\"  name=\"password\"  id=\"password\"  placeholder=\"Passwort *\"  title=\"Passwort\"  required class=\"form-control\"  ><div class=\"input-group-append\" style=\"top:0;right:0;\"><span class=\"input-group-text c-pointer px-3\" \nonclick=\"var $el = jQuery(this).find('i');$el.toggleClass('fa-eye fa-eye-slash');var $eli = jQuery(this).parent().parent().find('input');if($el.hasClass('fa-eye')){$eli.attr('type','text');}else{$eli.attr('type','password');}\"\n><i class=\"far fa-fw fa-eye-slash\"><\/i><\/span><\/div><\/div><\/div><div data-argument=\"confirm_password\" class=\"form-group password-field uwp-password-wrap\"  ><label  for=\"confirm_password\"  class=\"sr-only\" >Passwort best\u00e4tigen <span class=\"text-danger\">*<\/span><\/label><div class=\"input-group\"  ><input type=\"password\"  name=\"confirm_password\"  id=\"confirm_password\"  placeholder=\"Passwort best\u00e4tigen *\"  title=\"Passwort best\u00e4tigen\"  required class=\"form-control\"  ><div class=\"input-group-append\" style=\"top:0;right:0;\"><span class=\"input-group-text c-pointer px-3\" \nonclick=\"var $el = jQuery(this).find('i');$el.toggleClass('fa-eye fa-eye-slash');var $eli = jQuery(this).parent().parent().find('input');if($el.hasClass('fa-eye')){$eli.attr('type','text');}else{$eli.attr('type','password');}\"\n><i class=\"far fa-fw fa-eye-slash\"><\/i><\/span><\/div><\/div><\/div><div data-argument=\"first_name\" class=\"form-group\"  ><label  for=\"first_name\"  class=\"sr-only\" >Vorname <span class=\"text-danger\">*<\/span><\/label><input type=\"text\"  name=\"first_name\"  id=\"first_name\"  placeholder=\"Vorname *\"  title=\"Vorname\"  required class=\"form-control\"  ><\/div><div data-argument=\"last_name\" class=\"form-group\"  ><label  for=\"last_name\"  class=\"sr-only\" >Nachname <span class=\"text-danger\">*<\/span><\/label><input type=\"text\"  name=\"last_name\"  id=\"last_name\"  placeholder=\"Nachname *\"  title=\"Nachname\"  required class=\"form-control\"  ><\/div><div data-argument=\"firma\" class=\"form-group\"  ><label  for=\"firma\"  class=\"sr-only\" >Firma<\/label><input type=\"text\"  name=\"firma\"  id=\"firma\"  placeholder=\"Firma\"  title=\"Firma\"  class=\"form-control\"  ><\/div><div data-argument=\"firmenzusatz\" class=\"form-group\"  ><label  for=\"firmenzusatz\"  class=\"sr-only\" >Firmenzusatz<\/label><input type=\"text\"  name=\"firmenzusatz\"  id=\"firmenzusatz\"  placeholder=\"Firmenzusatz\"  title=\"Firmenzusatz\"  class=\"form-control\"  ><\/div><div data-argument=\"strasse\" class=\"form-group\"  ><label  for=\"strasse\"  class=\"sr-only\" >Stra\u00dfe &amp; Hausnr.<\/label><input type=\"text\"  name=\"strasse\"  id=\"strasse\"  placeholder=\"Stra\u00dfe &amp; Hausnr.\"  title=\"Stra\u00dfe &amp; Hausnr.\"  class=\"form-control\"  ><\/div><div data-argument=\"plz\" class=\"form-group\"  ><label  for=\"plz\"  class=\"sr-only\" >PLZ<\/label><input type=\"text\"  name=\"plz\"  id=\"plz\"  placeholder=\"PLZ\"  title=\"PLZ\"  class=\"form-control\"  ><\/div><div data-argument=\"ort\" class=\"form-group\"  ><label  for=\"ort\"  class=\"sr-only\" >Ort<\/label><input type=\"text\"  name=\"ort\"  id=\"ort\"  placeholder=\"Ort\"  title=\"Ort\"  class=\"form-control\"  ><\/div>\t\t\t<div id=\"uwp_country_row\"\n\t\t\t     class=\"uwp_clear form-group m-0\">\n\n\t\t\t\t\t\t\t\t\t<label class=\"sr-only\">\n\t\t\t\t\t\tLand\t\t\t\t\t\t\t\t\t\t\t<\/label>\n\t\t\t\t\n\t\t\t\t\n\t\t\t\t<input type=\"text\" class=\"uwp_textfield form-control\"\n\t\t\t\t       title=\"Land\" id=\"uwp_country\"\/>\n\t\t\t\t<input type=\"hidden\" id=\"uwp_country_code\" name=\"uwp_country\"\/>\n\n\t\t\t\t<script>\n\t\t\t\t\tjQuery(function () {\n\t\t\t\t\t\tjQuery(\"#uwp_country\").countrySelect({defaultCountry: 'de'});\n\t\t\t\t\t});\n\t\t\t\t<\/script>\n\n\n\t\t\t\t<span class=\"uwp_message_note\"><\/span>\n\t\t\t\t\t\t\t<\/div>\n\n\t\t\t<div data-argument=\"abteilung\" class=\"form-group\"  ><label  for=\"abteilung\"  class=\"sr-only\" >Abteilung<\/label><input type=\"text\"  name=\"abteilung\"  id=\"abteilung\"  placeholder=\"Abteilung\"  title=\"Abteilung\"  class=\"form-control\"  ><\/div><div data-argument=\"funktion\" class=\"form-group\"  ><label  for=\"funktion\"  class=\"sr-only\" >Funktion<\/label><input type=\"text\"  name=\"funktion\"  id=\"funktion\"  placeholder=\"Funktion\"  title=\"Funktion\"  class=\"form-control\"  ><\/div><div data-argument=\"telnr\" class=\"form-group\"  ><label  for=\"telnr\"  class=\"sr-only\" >Telefonnummer<\/label><input type=\"tel\"  name=\"telnr\"  id=\"telnr\"  placeholder=\"Telefonnummer\"  title=\"Telefonnummer\"  class=\"form-control\"  ><\/div><input type=\"hidden\" name=\"register_gdpr\" id=\"checkbox_register_gdpr\" value=\"0\"\/><div data-argument=\"register_gdpr\" class=\"form-group btn-register-gdpr\"  ><div class=\"custom-control custom-checkbox\"  ><input type=\"hidden\" name=\"register_gdpr\" value=\"0\" \/><input type=\"checkbox\"  name=\"register_gdpr\"  id=\"register_gdpr\"  title=\"DSGVO-Richtlinien\"  value=\"1\"  required class=\"form-control  custom-control-input\"  ><label  for=\"register_gdpr\"  class=\"custom-control-label\" >Ich erkl\u00e4re, dass meine pers\u00f6nlichen Daten korrekt sind und habe die Datenschutzerkl\u00e4rung zur Kenntnis genommen. <span class=\"text-danger\">*<\/span><\/label><\/div><\/div><input type=\"hidden\" name=\"uwp_register_hash\" value=\"f4c1612bbd58381f06c02fde4\" style=\"display:none !important; visibility:hidden !important;\" \/><input type=\"hidden\" name=\"uwp_register_hp\" value=\"\" style=\"display:none !important; visibility:hidden !important;\" size=\"25\" autocomplete=\"off\" \/><input type=\"hidden\" name=\"uwp_register_nonce\" value=\"e76fe62d6b\" \/><input type=\"hidden\" name=\"uwp_register_form_id\" value=\"1\"><div class=\"form-group\"  ><input type=\"submit\"  name=\"uwp_register_submit\"  value=\"Konto erstellen\"  class=\"form-control btn btn-primary btn-block text-uppercase uwp_register_submit\"  ><\/div>                <input type=\"hidden\" name=\"trp-form-language\" value=\"en\"\/><\/form>\n\n                <div class=\"uwp-footer-links\">\n                    <div class=\"uwp-footer-link\">\n\t\t\t\t\t\t<a href=\"https:\/\/my.sophist.de\/en\/login\/\" class=\"d-block text-center mt-2 small uwp-login-link\"  rel=\"nofollow\"  >Login<\/a>\n                    <\/div>\n                <\/div>\n\n                <div class=\"form-group text-center mb-0 p-0\">\n\t\t\t\t\t                <\/div>\n\n            <\/div>\n        <\/div>\n    <\/div>\n<\/div><\/div>\t<script>\n        jQuery( document ).ready( function( $ ) {\n\n            $( 'body' ).on( 'keyup', 'input[name=password], input[name=confirm_password]',\n                function( event ) {\n                    var $form = $(this).closest('form');\n                    if( ! $form.hasClass('uwp-login-form') ) {\n                        uwp_checkPasswordStrength(\n                            $('input[name=password]', $form),         \/\/ First password field\n                            $('input[name=confirm_password]', $form), \/\/ Second password field\n                            $('#uwp-password-strength', $form),           \/\/ Strength meter\n                            $('input[type=submit]', $form),           \/\/ Submit button\n                            ['black', 'listed', 'word']        \/\/ Blacklisted words\n                        );\n                    }\n                }\n            );\n        });\n\t<\/script>\n\t<\/div>\n<\/div><\/div><\/div>\n<\/div><\/div>","protected":false},"excerpt":{"rendered":"","protected":false},"author":1,"featured_media":0,"parent":0,"menu_order":0,"comment_status":"closed","ping_status":"closed","template":"","meta":{"_jet_sm_ready_style":"","_jet_sm_style":"","_jet_sm_controls_values":"","_jet_sm_fonts_collection":"","_jet_sm_fonts_links":"","footnotes":""},"featured_image_urls":{"full":"","thumbnail":"","medium":"","medium_large":"","large":"","1536x1536":"","2048x2048":"","trp-custom-language-flag":""},"post_excerpt_stackable":"<p>Registrierung Immer up to date bleiben&#8230; und keine Fachartikel, News, Geschenke oder Rabatt-Aktionen mehr verpassen? Einfach H\u00e4kchen an der entsprechenden Stelle setzen!So, jetzt beherzt zustimmen und mit uns verbunden bleiben \ud83d\ude09.Ich stimme dem Erhalt von E-Mails zuIch willige ein, per Telefon kontaktiert zu werdenDie Einwilligungserkl\u00e4rungen lassen sich jederzeit widerrufen. Einfach entsprechendes H\u00e4kchen entfernen. Alternativ reicht eine E-Mail an heureka@sophist.de aus.Wir behandeln alle Daten mit Sorgfalt und Respekt. Weitere Informationen zu unseren Datenschutzpraktiken k\u00f6nnen Sie in unserer Datenschutzerkl\u00e4rung (my.sophist.de\/datenschutzerklaerung) nachlesen.Durch einen Klick auf \u201eKonto erstellen\u201c erkl\u00e4ren Sie sich damit einverstanden, dass wir Ihre Informationen in \u00dcbereinstimmung mit diesen Bedingungen verarbeiten d\u00fcrfen.&hellip;<\/p>\n","category_list":"","author_info":{"name":"ITS Admin","url":"https:\/\/my.sophist.de\/en\/author\/sop_admin\/"},"comments_num":"0 comments","featured_image_urls_v2":{"full":"","thumbnail":"","medium":"","medium_large":"","large":"","1536x1536":"","2048x2048":"","trp-custom-language-flag":""},"post_excerpt_stackable_v2":"<p>Registrierung Immer up to date bleiben&#8230; und keine Fachartikel, News, Geschenke oder Rabatt-Aktionen mehr verpassen? Einfach H\u00e4kchen an der entsprechenden Stelle setzen!So, jetzt beherzt zustimmen und mit uns verbunden bleiben \ud83d\ude09.Ich stimme dem Erhalt von E-Mails zuIch willige ein, per Telefon kontaktiert zu werdenDie Einwilligungserkl\u00e4rungen lassen sich jederzeit widerrufen. Einfach entsprechendes H\u00e4kchen entfernen. Alternativ reicht eine E-Mail an heureka@sophist.de aus.Wir behandeln alle Daten mit Sorgfalt und Respekt. Weitere Informationen zu unseren Datenschutzpraktiken k\u00f6nnen Sie in unserer Datenschutzerkl\u00e4rung (my.sophist.de\/datenschutzerklaerung) nachlesen.Durch einen Klick auf \u201eKonto erstellen\u201c erkl\u00e4ren Sie sich damit einverstanden, dass wir Ihre Informationen in \u00dcbereinstimmung mit diesen Bedingungen verarbeiten d\u00fcrfen.&hellip;<\/p>\n","category_list_v2":"","author_info_v2":{"name":"ITS Admin","url":"https:\/\/my.sophist.de\/en\/author\/sop_admin\/"},"comments_num_v2":"0 comments","_links":{"self":[{"href":"https:\/\/my.sophist.de\/en\/wp-json\/wp\/v2\/pages\/3088"}],"collection":[{"href":"https:\/\/my.sophist.de\/en\/wp-json\/wp\/v2\/pages"}],"about":[{"href":"https:\/\/my.sophist.de\/en\/wp-json\/wp\/v2\/types\/page"}],"author":[{"embeddable":true,"href":"https:\/\/my.sophist.de\/en\/wp-json\/wp\/v2\/users\/1"}],"replies":[{"embeddable":true,"href":"https:\/\/my.sophist.de\/en\/wp-json\/wp\/v2\/comments?post=3088"}],"version-history":[{"count":4,"href":"https:\/\/my.sophist.de\/en\/wp-json\/wp\/v2\/pages\/3088\/revisions"}],"predecessor-version":[{"id":7613,"href":"https:\/\/my.sophist.de\/en\/wp-json\/wp\/v2\/pages\/3088\/revisions\/7613"}],"wp:attachment":[{"href":"https:\/\/my.sophist.de\/en\/wp-json\/wp\/v2\/media?parent=3088"}],"curies":[{"name":"wp","href":"https:\/\/api.w.org\/{rel}","templated":true}]}}