{"id":3694,"date":"2021-05-19T09:46:55","date_gmt":"2021-05-19T07:46:55","guid":{"rendered":"https:\/\/download.sophist.de\/?page_id=3694"},"modified":"2022-01-24T09:59:39","modified_gmt":"2022-01-24T08:59:39","slug":"impressum","status":"publish","type":"page","link":"https:\/\/my.sophist.de\/en\/impressum\/","title":{"rendered":"Legal Notice"},"content":{"rendered":"<div class=\"wp-block-stackable-columns stk-block-columns stk-block stk-51098b2\" data-block-id=\"51098b2\"><style>.stk-51098b2{max-width:1080px !important;min-width:auto !important;margin-right:auto !important;margin-bottom:60px !important;margin-left:auto !important}@media screen and (max-width:1023px){.stk-51098b2{margin-right:10px !important;margin-left:10px !important}}<\/style><div class=\"stk-row stk-inner-blocks stk-block-content stk-content-align stk-51098b2-column\">\n<div class=\"wp-block-stackable-column stk-block-column stk-column stk-block stk-6624138\" data-block-id=\"6624138\"><div class=\"stk-column-wrapper stk-block-column__content stk-container stk-6624138-container stk--no-background stk--no-padding\"><div class=\"stk-block-content stk-inner-blocks\">\n<div class=\"wp-block-stackable-spacer stk-block-spacer stk--no-padding stk-block stk-cd4b02b\" data-block-id=\"cd4b02b\"><\/div>\n\n\n\n<div class=\"wp-block-stackable-heading stk-block-heading stk-block stk-68b1ece\" data-block-id=\"68b1ece\"><style>.stk-68b1ece .stk-block-heading__bottom-line{width:200px !important;background-color:var(--stk-global-color-90095,#002368) !important;margin-top:15px !important}<\/style><h1 class=\"stk-block-heading__text\">Legal Notice<\/h1><div class=\"stk-block-heading__bottom-line\"><\/div><\/div>\n\n\n\n<p>Inhaltlich verantwortlich gem\u00e4\u00df \u00a7 6 MDStV:&nbsp;&nbsp; &nbsp;&nbsp;&nbsp; &nbsp;&nbsp;&nbsp; &nbsp;&nbsp;&nbsp; &nbsp;<br>&nbsp;&nbsp; &nbsp;&nbsp;&nbsp; &nbsp;&nbsp;&nbsp; &nbsp;<br>&nbsp;&nbsp; &nbsp;&nbsp;&nbsp; &nbsp;<br><strong>SOPHIST GmbH<br>Vordere Cramergasse 13<br>90478 N\u00fcrnberg<br>Deutschland<\/strong><br><br><strong>Fon:<\/strong>&nbsp;+49 (0) 911 40 900 &#8211; 0<br><strong>Fax:<\/strong>&nbsp;+49 (0) 911 40 900 &#8211; 99<br><br>sophist@sophist.de<br><br><a href=\"http:\/\/www.sophist.de\/\" target=\"_blank\" rel=\"noreferrer noopener\">www.sophist.de<\/a><br><a href=\"http:\/\/www.sophistgroup.de\/\" target=\"_blank\" rel=\"noreferrer noopener\">www.sophistgroup.de<\/a><br><a href=\"http:\/\/www.sophistgroup.com\/\" target=\"_blank\" rel=\"noreferrer noopener\">www.sophistgroup.com<\/a><br><br><br><strong>SOPHIST GmbH<\/strong><br><strong>General Manager:<\/strong>&nbsp;Chris Rupp (Dipl. Information Technology) und Roland Ehrlinger<br><br>N\u00fcrnberg HRB 14487<br><strong>USt-IdNr.:<\/strong>&nbsp;DE 185808725<br><br><strong>&nbsp;&nbsp; &nbsp;&nbsp;&nbsp; &nbsp;&nbsp;&nbsp; &nbsp;&nbsp;&nbsp; &nbsp;&nbsp;&nbsp; &nbsp;&nbsp;&nbsp; &nbsp;<br>Haftungshinweis:<\/strong><\/p>\n\n\n\n<p>Manche Seiten von dieser Website beinhalten Links zu anderen Webseiten im Internet. Wir haben keinerlei Einfluss auf Gestaltung und Inhalte gelinkter Seiten und distanzieren uns hiermit ausdr\u00fccklich von s\u00e4mtlichen Inhalten gelinkter Seiten. Diese Erkl\u00e4rung gilt auch f\u00fcr Fremdeintr\u00e4ge in von den Vertreibern eingerichteten G\u00e4steb\u00fcchern, Blogs, Diskussionsforen und Mailinglisten.<br>\u00a9 Die SOPHIST GmbH Website ist urheberrechtlich gesch\u00fctzt. Alle Rechte, auch die der \u00dcbersetzung, der Vervielf\u00e4ltigung und der Verbreitung der gesamten Website oder Teilen daraus, vorbehalten. Kein Teil der Website darf in irgendeiner Form, egal welches Verfahren, reproduziert oder unter Verwendung elektronischer Systeme verarbeitet, vervielf\u00e4ltigt oder verbreitet werden.<br>Dies gilt auch f\u00fcr Zwecke der Unterrichtsgestaltung. Eine schriftliche Genehmigung ist einzuholen.<br>Die Rechte Dritter bleiben unber\u00fchrt.<br><br><br><strong>Streitschlichtung<\/strong>:<br><br>Die Europ\u00e4ische Kommission stellt eine Plattform zur Online-Streitbeilegung (OS) bereit:<br><a href=\"https:\/\/ec.europa.eu\/consumers\/odr\">https:\/\/ec.europa.eu\/consumers\/odr<\/a><\/p>\n\n\n\n<p>Unsere E-Mail-Adresse finden Sie oben im Impressum.<br>Wir nehmen an einem Streitbeilegungsverfahren vor einer Verbraucherschlichtungsstelle teil. Die<br>zust\u00e4ndige Verbraucherschlichtungsstelle ist:<\/p>\n\n\n\n<p>Allgemeine Verbraucherschlichtungsstelle des Zentrums f\u00fcr Schlichtung e. V.<br>Stra\u00dfburger Str. 8<br>77694 Kehl<\/p>\n\n\n\n<p><a href=\"http:\/\/www.verbraucher-schlichter.de\/\">http:\/\/www.verbraucher-schlichter.de<\/a><br><br><br><strong>Copyright<\/strong><\/p>\n\n\n\n<p>Als Nutzer dieser Web-Seiten erkennen Sie das Copyright der Autoren und der SOPHIST GmbH an. Alle Rechte, insbesondere das der Vervielf\u00e4ltigung, der Verbreitung, der auch nur auszugsweisen Wiedergabe und der Speicherung in Datenbanken vorbehalten. Alle Angaben ohne Gew\u00e4hr. Die Vervielf\u00e4ltigung von Informationen oder Daten, insbesondere die Verwendung von Texten, Textteilen oder Grafiken bedarf unserer vorherigen schriftlichen Zustimmung.<\/p>\n<\/div><\/div><\/div>\n<\/div><\/div>","protected":false},"excerpt":{"rendered":"<p>Impressum Inhaltlich verantwortlich gem\u00e4\u00df \u00a7 6 MDStV:&nbsp;&nbsp; &nbsp;&nbsp;&nbsp; &nbsp;&nbsp;&nbsp; &nbsp;&nbsp;&nbsp; &nbsp;&nbsp;&nbsp; &nbsp;&nbsp;&nbsp; &nbsp;&nbsp;&nbsp; &nbsp;&nbsp;&nbsp; &nbsp;&nbsp;&nbsp; &nbsp;SOPHIST GmbHVordere Cramergasse 1390478 N\u00fcrnbergDeutschland Fon:&nbsp;+49 (0) 911 40 900 &#8211; 0Fax:&nbsp;+49 (0) 911 40 900 &#8211; 99 sophist@sophist.de www.sophist.dewww.sophistgroup.dewww.sophistgroup.com SOPHIST GmbHGeneral Manager:&nbsp;Chris Rupp (Dipl. Information Technology) und Roland Ehrlinger N\u00fcrnberg HRB 14487USt-IdNr.:&nbsp;DE 185808725 &nbsp;&nbsp; &nbsp;&nbsp;&nbsp; &nbsp;&nbsp;&nbsp; &nbsp;&nbsp;&nbsp; &nbsp;&nbsp;&nbsp; &nbsp;&nbsp;&nbsp; [&#8230;]","protected":false},"author":1,"featured_media":0,"parent":0,"menu_order":0,"comment_status":"closed","ping_status":"closed","template":"","meta":{"_jet_sm_ready_style":"","_jet_sm_style":"","_jet_sm_controls_values":"","_jet_sm_fonts_collection":"","_jet_sm_fonts_links":"","footnotes":""},"featured_image_urls":{"full":"","thumbnail":"","medium":"","medium_large":"","large":"","1536x1536":"","2048x2048":"","trp-custom-language-flag":""},"post_excerpt_stackable":"<p>Impressum Inhaltlich verantwortlich gem\u00e4\u00df \u00a7 6 MDStV:&nbsp;&nbsp; &nbsp;&nbsp;&nbsp; &nbsp;&nbsp;&nbsp; &nbsp;&nbsp;&nbsp; &nbsp;&nbsp;&nbsp; &nbsp;&nbsp;&nbsp; &nbsp;&nbsp;&nbsp; &nbsp;&nbsp;&nbsp; &nbsp;&nbsp;&nbsp; &nbsp;SOPHIST GmbHVordere Cramergasse 1390478 N\u00fcrnbergDeutschlandFon:&nbsp;+49 (0) 911 40 900 &#8211; 0Fax:&nbsp;+49 (0) 911 40 900 &#8211; 99sophist@sophist.dewww.sophist.dewww.sophistgroup.dewww.sophistgroup.comSOPHIST GmbHGeneral Manager:&nbsp;Chris Rupp (Dipl. Information Technology) und Roland EhrlingerN\u00fcrnberg HRB 14487USt-IdNr.:&nbsp;DE 185808725&nbsp;&nbsp; &nbsp;&nbsp;&nbsp; &nbsp;&nbsp;&nbsp; &nbsp;&nbsp;&nbsp; &nbsp;&nbsp;&nbsp; &nbsp;&nbsp;&nbsp; &nbsp;Haftungshinweis: Manche Seiten von dieser Website beinhalten Links zu anderen Webseiten im Internet. Wir haben keinerlei Einfluss auf Gestaltung und Inhalte gelinkter Seiten und distanzieren uns hiermit ausdr\u00fccklich von s\u00e4mtlichen Inhalten gelinkter Seiten. Diese Erkl\u00e4rung gilt auch f\u00fcr Fremdeintr\u00e4ge in von den Vertreibern eingerichteten G\u00e4steb\u00fcchern, Blogs, Diskussionsforen und Mailinglisten.\u00a9 Die SOPHIST&hellip;<\/p>\n","category_list":"","author_info":{"name":"ITS Admin","url":"https:\/\/my.sophist.de\/en\/author\/sop_admin\/"},"comments_num":"0 comments","featured_image_urls_v2":{"full":"","thumbnail":"","medium":"","medium_large":"","large":"","1536x1536":"","2048x2048":"","trp-custom-language-flag":""},"post_excerpt_stackable_v2":"<p>Impressum Inhaltlich verantwortlich gem\u00e4\u00df \u00a7 6 MDStV:&nbsp;&nbsp; &nbsp;&nbsp;&nbsp; &nbsp;&nbsp;&nbsp; &nbsp;&nbsp;&nbsp; &nbsp;&nbsp;&nbsp; &nbsp;&nbsp;&nbsp; &nbsp;&nbsp;&nbsp; &nbsp;&nbsp;&nbsp; &nbsp;&nbsp;&nbsp; &nbsp;SOPHIST GmbHVordere Cramergasse 1390478 N\u00fcrnbergDeutschlandFon:&nbsp;+49 (0) 911 40 900 &#8211; 0Fax:&nbsp;+49 (0) 911 40 900 &#8211; 99sophist@sophist.dewww.sophist.dewww.sophistgroup.dewww.sophistgroup.comSOPHIST GmbHGeneral Manager:&nbsp;Chris Rupp (Dipl. Information Technology) und Roland EhrlingerN\u00fcrnberg HRB 14487USt-IdNr.:&nbsp;DE 185808725&nbsp;&nbsp; &nbsp;&nbsp;&nbsp; &nbsp;&nbsp;&nbsp; &nbsp;&nbsp;&nbsp; &nbsp;&nbsp;&nbsp; &nbsp;&nbsp;&nbsp; &nbsp;Haftungshinweis: Manche Seiten von dieser Website beinhalten Links zu anderen Webseiten im Internet. Wir haben keinerlei Einfluss auf Gestaltung und Inhalte gelinkter Seiten und distanzieren uns hiermit ausdr\u00fccklich von s\u00e4mtlichen Inhalten gelinkter Seiten. Diese Erkl\u00e4rung gilt auch f\u00fcr Fremdeintr\u00e4ge in von den Vertreibern eingerichteten G\u00e4steb\u00fcchern, Blogs, Diskussionsforen und Mailinglisten.\u00a9 Die SOPHIST&hellip;<\/p>\n","category_list_v2":"","author_info_v2":{"name":"ITS Admin","url":"https:\/\/my.sophist.de\/en\/author\/sop_admin\/"},"comments_num_v2":"0 comments","_links":{"self":[{"href":"https:\/\/my.sophist.de\/en\/wp-json\/wp\/v2\/pages\/3694"}],"collection":[{"href":"https:\/\/my.sophist.de\/en\/wp-json\/wp\/v2\/pages"}],"about":[{"href":"https:\/\/my.sophist.de\/en\/wp-json\/wp\/v2\/types\/page"}],"author":[{"embeddable":true,"href":"https:\/\/my.sophist.de\/en\/wp-json\/wp\/v2\/users\/1"}],"replies":[{"embeddable":true,"href":"https:\/\/my.sophist.de\/en\/wp-json\/wp\/v2\/comments?post=3694"}],"version-history":[{"count":4,"href":"https:\/\/my.sophist.de\/en\/wp-json\/wp\/v2\/pages\/3694\/revisions"}],"predecessor-version":[{"id":8134,"href":"https:\/\/my.sophist.de\/en\/wp-json\/wp\/v2\/pages\/3694\/revisions\/8134"}],"wp:attachment":[{"href":"https:\/\/my.sophist.de\/en\/wp-json\/wp\/v2\/media?parent=3694"}],"curies":[{"name":"wp","href":"https:\/\/api.w.org\/{rel}","templated":true}]}}