{"id":7353,"date":"2022-01-20T11:53:13","date_gmt":"2022-01-20T10:53:13","guid":{"rendered":"https:\/\/my.sophist.de\/?page_id=7353"},"modified":"2022-01-28T09:53:28","modified_gmt":"2022-01-28T08:53:28","slug":"konto-geloescht","status":"publish","type":"page","link":"https:\/\/my.sophist.de\/en\/konto-geloescht\/","title":{"rendered":"Konto gel\u00f6scht"},"content":{"rendered":"<div class=\"wp-block-stackable-columns stk-block-columns stk-block stk-23202a9 stk-block-background\" data-block-id=\"23202a9\"><style>.stk-23202a9{background-color:#ffffff !important}.stk-23202a9:before{background-color:#ffffff !important}.stk-23202a9{border-radius:10px !important;overflow:hidden !important;box-shadow:0px 2px 20px rgba(153,153,153,0.2) !important;border-style:solid !important;border-color:#cf2e2e !important;border-top-width:3px !important;border-right-width:3px !important;border-bottom-width:3px !important;border-left-width:3px !important}.stk-23202a9{max-width:1080px !important;min-width:auto !important;padding-top:4px !important;padding-right:4px !important;padding-bottom:4px !important;padding-left:4px !important;margin-top:60px !important;margin-right:auto !important;margin-bottom:60px !important;margin-left:auto !important}@media screen and (max-width:1023px){.stk-23202a9{margin-right:auto !important;margin-left:auto !important}}@media screen and (max-width:767px){.stk-23202a9{margin-right:10px !important;margin-bottom:0px !important;margin-left:10px !important}}<\/style><div class=\"stk-row stk-inner-blocks stk-block-content stk-content-align stk-23202a9-column\">\n<div class=\"wp-block-stackable-column stk-block-column stk-column stk-block stk-2b1684d\" data-block-id=\"2b1684d\"><style>@media screen and (min-width:768px){.stk-2b1684d{flex:1 1 calc(12% - var(--stk-column-gap,0px) * 1 \/ 2 ) !important}}<\/style><div class=\"stk-column-wrapper stk-block-column__content stk-container stk-2b1684d-container stk--no-background stk--no-padding\"><div class=\"stk-block-content stk-inner-blocks\">\n<div class=\"wp-block-stackable-icon stk-block-icon has-text-align-center stk-block stk-a5e58ed\" data-block-id=\"a5e58ed\"><style>.stk-a5e58ed .stk--svg-wrapper .stk--inner-svg svg:last-child{height:50px !important;width:50px !important}.stk-a5e58ed .stk--svg-wrapper .stk--inner-svg svg:last-child,.stk-a5e58ed .stk--svg-wrapper .stk--inner-svg svg:last-child :is(g,path,rect,polygon,ellipse){fill:#cf2e2e !important}<\/style><span class=\"stk--svg-wrapper\"><div class=\"stk--inner-svg\"><svg style=\"height:0;width:0\"><defs><lineargradient id=\"linear-gradient-a5e58ed\" x1=\"0\" x2=\"100%\" y1=\"0\" y2=\"0\"><stop offset=\"0%\" style=\"stop-opacity:1;stop-color:var(--linear-gradient-a-5-e-58-ed-color-1)\"><\/stop><stop offset=\"100%\" style=\"stop-opacity:1;stop-color:var(--linear-gradient-a-5-e-58-ed-color-2)\"><\/stop><\/lineargradient><\/defs><\/svg><svg aria-hidden=\"true\" focusable=\"false\" data-prefix=\"fas\" data-icon=\"exclamation-circle\" class=\"svg-inline--fa fa-exclamation-circle fa-w-16\" xmlns=\"http:\/\/www.w3.org\/2000\/svg\" viewbox=\"0 0 512 512\" width=\"32\" height=\"32\"><path fill=\"currentColor\" d=\"M504 256c0 136.997-111.043 248-248 248S8 392.997 8 256C8 119.083 119.043 8 256 8s248 111.083 248 248zm-248 50c-25.405 0-46 20.595-46 46s20.595 46 46 46 46-20.595 46-46-20.595-46-46-46zm-43.673-165.346l7.418 136c.347 6.364 5.609 11.346 11.982 11.346h48.546c6.373 0 11.635-4.982 11.982-11.346l7.418-136c.375-6.874-5.098-12.654-11.982-12.654h-63.383c-6.884 0-12.356 5.78-11.981 12.654z\"><\/path><\/svg><\/div><\/span><\/div>\n<\/div><\/div><\/div>\n\n\n\n<div class=\"wp-block-stackable-column stk-block-column stk-column stk-block stk-0b6871c\" data-block-id=\"0b6871c\"><style>@media screen and (min-width:768px){.stk-0b6871c{flex:1 1 calc(88% - var(--stk-column-gap,0px) * 1 \/ 2 ) !important}}.stk-0b6871c .stk-block-column__content{display:flex !important}.stk-0b6871c .stk-block-column__content{align-items:center !important}<\/style><div class=\"stk-column-wrapper stk-block-column__content stk-container stk-0b6871c-container stk--no-background stk--no-padding\"><div class=\"stk-block-content stk-inner-blocks\">\n<div class=\"wp-block-stackable-text stk-block-text stk-block stk-2fd6a33\" data-block-id=\"2fd6a33\"><p class=\"stk-block-text__text\"><strong>Ihr Konto wurde erfolgreich gel\u00f6scht. Ihre Daten und Unterlagen wurden aus unserem System entfernt.<\/strong><\/p><\/div>\n<\/div><\/div><\/div>\n<\/div><\/div>\n\n\n\n<div class=\"wp-block-stackable-columns stk-block-columns stk-block stk-5840203\" data-block-id=\"5840203\"><style>.stk-5840203{max-width:1080px !important;min-width:auto !important;margin-right:auto !important;margin-bottom:100px !important;margin-left:auto !important}<\/style><div class=\"stk-row stk-inner-blocks stk-block-content stk-content-align stk-5840203-column\">\n<div class=\"wp-block-stackable-column stk-block-column stk-column stk-block stk-0a9a1bf\" data-block-id=\"0a9a1bf\"><div class=\"stk-column-wrapper stk-block-column__content stk-container stk-0a9a1bf-container stk--no-background stk--no-padding\"><div class=\"stk-block-content stk-inner-blocks\">\n<div class=\"wp-block-stackable-heading stk-block-heading stk-block stk-9017862\" data-block-id=\"9017862\"><style>.stk-9017862 .stk-block-heading__text{color:var(--stk-global-color-90095,#002368) !important}<\/style><h2 class=\"stk-block-heading__text has-text-color has-stk-global-color-90095-color\">Schade, dass Sie sich entschieden haben, my.SOPHIST zu verlassen&#8230;<\/h2><\/div>\n\n\n\n<div class=\"wp-block-stackable-text stk-block-text stk-block stk-3f7dbcd\" data-block-id=\"3f7dbcd\"><style>.stk-3f7dbcd{margin-bottom:15px !important}<\/style><p class=\"stk-block-text__text\"><strong>Ihr Zugriff wurde mit sofortiger Wirkung deaktiviert.<\/strong><\/p><\/div>\n\n\n\n<div class=\"wp-block-stackable-text stk-block-text stk-block stk-4d819ff\" data-block-id=\"4d819ff\"><style>.stk-4d819ff{margin-bottom:15px !important}<\/style><p class=\"stk-block-text__text\"><strong>Vielleicht entscheiden Sie sich in Zukunft noch einmal f\u00fcr my.SOPHIST &#8211; wir w\u00fcrden uns freuen!<\/strong><\/p><\/div>\n\n\n\n<div class=\"wp-block-stackable-text stk-block-text stk-block stk-6084b39\" data-block-id=\"6084b39\"><style>.stk-6084b39{margin-bottom:60px !important}<\/style><p class=\"stk-block-text__text\"><strong>Viele Gr\u00fc\u00dfe<br>Ihre SOPHISTen<\/strong><\/p><\/div>\n\n\n\n<div class=\"wp-block-stackable-button-group stk-block-button-group stk-block stk-71a973b\" data-block-id=\"71a973b\"><div class=\"stk-row stk-inner-blocks stk-block-content stk-button-group\">\n<div class=\"wp-block-stackable-button stk-block-button stk-block stk-86589ef\" data-block-id=\"86589ef\"><style>.stk-86589ef .stk-button{background:var(--stk-global-color-90095,#002368) !important}.stk-86589ef .stk-button:hover:after{background:#ffffff !important;opacity:1 !important}.stk-86589ef .stk-button{border-radius:6px !important;overflow:hidden !important}.stk-86589ef .stk-button:before{box-shadow:0px 2px 20px rgba(153,153,153,0.2) !important;border-style:solid !important;border-color:var(--stk-global-color-90095,#002368) !important;border-top-width:2px !important;border-right-width:2px !important;border-bottom-width:2px !important;border-left-width:2px !important}.stk-86589ef .stk-button:hover:before{border-top-width:2px !important;border-right-width:2px !important;border-bottom-width:2px !important;border-left-width:2px !important}.stk-86589ef .stk-button .stk--inner-svg svg:last-child,.stk-86589ef .stk-button .stk--inner-svg svg:last-child :is(g,path,rect,polygon,ellipse){fill:#ffffff !important}.stk-86589ef .stk-button:hover .stk--inner-svg svg:last-child,.stk-86589ef .stk-button:hover .stk--inner-svg svg:last-child :is(g,path,rect,polygon,ellipse){fill:var(--stk-global-color-90095,#002368) !important}.stk-86589ef .stk-button__inner-text{color:#ffffff !important;font-weight:700 !important;font-family:\"Open Sans\",Sans-serif !important}.stk-86589ef .stk-button:hover .stk-button__inner-text{color:var(--stk-global-color-90095,#002368) !important}<\/style><a class=\"stk-link stk-button\" href=\"https:\/\/my.sophist.de\/en\/landing-page\/\"><span class=\"stk--svg-wrapper\"><div class=\"stk--inner-svg\"><svg aria-hidden=\"true\" focusable=\"false\" data-prefix=\"fas\" data-icon=\"home\" class=\"svg-inline--fa fa-home fa-w-18\" xmlns=\"http:\/\/www.w3.org\/2000\/svg\" viewbox=\"0 0 576 512\" width=\"32\" height=\"32\"><path fill=\"currentColor\" d=\"M280.37 148.26L96 300.11V464a16 16 0 0 0 16 16l112.06-.29a16 16 0 0 0 15.92-16V368a16 16 0 0 1 16-16h64a16 16 0 0 1 16 16v95.64a16 16 0 0 0 16 16.05L464 480a16 16 0 0 0 16-16V300L295.67 148.26a12.19 12.19 0 0 0-15.3 0zM571.6 251.47L488 182.56V44.05a12 12 0 0 0-12-12h-56a12 12 0 0 0-12 12v72.61L318.47 43a48 48 0 0 0-61 0L4.34 251.47a12 12 0 0 0-1.6 16.9l25.5 31A12 12 0 0 0 45.15 301l235.22-193.74a12.19 12.19 0 0 1 15.3 0L530.9 301a12 12 0 0 0 16.9-1.6l25.5-31a12 12 0 0 0-1.7-16.93z\"><\/path><\/svg><\/div><\/span><span class=\"has-text-color has-white-color stk-button__inner-text\">Zur\u00fcck zur Startseite<\/span><\/a><\/div>\n<\/div><\/div>\n<\/div><\/div><\/div>\n<\/div><\/div>","protected":false},"excerpt":{"rendered":"<p>Ihr Konto wurde erfolgreich gel\u00f6scht. Ihre Daten und Unterlagen wurden aus unserem System entfernt. Schade, dass Sie sich entschieden haben, my.SOPHIST zu verlassen&#8230; Ihr Zugriff wurde mit sofortiger Wirkung deaktiviert. Vielleicht entscheiden Sie sich in Zukunft noch einmal f\u00fcr my.SOPHIST &#8211; wir w\u00fcrden uns freuen! Viele Gr\u00fc\u00dfeIhre SOPHISTen Zur\u00fcck zur Startseite<\/p>","protected":false},"author":269,"featured_media":0,"parent":0,"menu_order":0,"comment_status":"closed","ping_status":"closed","template":"","meta":{"_jet_sm_ready_style":"","_jet_sm_style":"","_jet_sm_controls_values":"","_jet_sm_fonts_collection":"","_jet_sm_fonts_links":"","footnotes":""},"featured_image_urls":{"full":"","thumbnail":"","medium":"","medium_large":"","large":"","1536x1536":"","2048x2048":"","trp-custom-language-flag":""},"post_excerpt_stackable":"<p>Ihr Konto wurde erfolgreich gel\u00f6scht. Ihre Daten und Unterlagen wurden aus unserem System entfernt. Schade, dass Sie sich entschieden haben, my.SOPHIST zu verlassen&#8230; Ihr Zugriff wurde mit sofortiger Wirkung deaktiviert. Vielleicht entscheiden Sie sich in Zukunft noch einmal f\u00fcr my.SOPHIST &#8211; wir w\u00fcrden uns freuen! Viele Gr\u00fc\u00dfeIhre SOPHISTen Zur\u00fcck zur Startseite<\/p>\n","category_list":"","author_info":{"name":"rm_admin","url":"https:\/\/my.sophist.de\/en\/author\/rm_admin\/"},"comments_num":"0 comments","featured_image_urls_v2":{"full":"","thumbnail":"","medium":"","medium_large":"","large":"","1536x1536":"","2048x2048":"","trp-custom-language-flag":""},"post_excerpt_stackable_v2":"<p>Ihr Konto wurde erfolgreich gel\u00f6scht. Ihre Daten und Unterlagen wurden aus unserem System entfernt. Schade, dass Sie sich entschieden haben, my.SOPHIST zu verlassen&#8230; Ihr Zugriff wurde mit sofortiger Wirkung deaktiviert. Vielleicht entscheiden Sie sich in Zukunft noch einmal f\u00fcr my.SOPHIST &#8211; wir w\u00fcrden uns freuen! Viele Gr\u00fc\u00dfeIhre SOPHISTen Zur\u00fcck zur Startseite<\/p>\n","category_list_v2":"","author_info_v2":{"name":"rm_admin","url":"https:\/\/my.sophist.de\/en\/author\/rm_admin\/"},"comments_num_v2":"0 comments","_links":{"self":[{"href":"https:\/\/my.sophist.de\/en\/wp-json\/wp\/v2\/pages\/7353"}],"collection":[{"href":"https:\/\/my.sophist.de\/en\/wp-json\/wp\/v2\/pages"}],"about":[{"href":"https:\/\/my.sophist.de\/en\/wp-json\/wp\/v2\/types\/page"}],"author":[{"embeddable":true,"href":"https:\/\/my.sophist.de\/en\/wp-json\/wp\/v2\/users\/269"}],"replies":[{"embeddable":true,"href":"https:\/\/my.sophist.de\/en\/wp-json\/wp\/v2\/comments?post=7353"}],"version-history":[{"count":10,"href":"https:\/\/my.sophist.de\/en\/wp-json\/wp\/v2\/pages\/7353\/revisions"}],"predecessor-version":[{"id":8588,"href":"https:\/\/my.sophist.de\/en\/wp-json\/wp\/v2\/pages\/7353\/revisions\/8588"}],"wp:attachment":[{"href":"https:\/\/my.sophist.de\/en\/wp-json\/wp\/v2\/media?parent=7353"}],"curies":[{"name":"wp","href":"https:\/\/api.w.org\/{rel}","templated":true}]}}